{"id":457,"date":"2020-08-16T10:45:50","date_gmt":"2020-08-16T08:45:50","guid":{"rendered":"https:\/\/www.monacoveloclub.de\/en\/home\/"},"modified":"2020-07-17T11:42:53","modified_gmt":"2020-07-17T09:42:53","slug":"home","status":"publish","type":"page","link":"https:\/\/www.monacoveloclub.de\/en\/home\/","title":{"rendered":"HOME"},"content":{"rendered":"[vc_row thb_full_width=&#8221;true&#8221; thb_row_padding=&#8221;true&#8221;][vc_column]\t<div class=\"carousel slick image-slider\" data-columns=\"1\" data-navigation=\"false\">\n\t\t\t\t\t\t<figure>\n\t\t\t\t\t\t\t\t<\/figure>\n\t\t\t\t\t\t\t\t<figure>\n\t\t\t\t\t\t\t\t<\/figure>\n\t\t\t\t\t\t\t\t<figure>\n\t\t\t\t\t\t\t\t<\/figure>\n\t\t\t\t\t\t\t\t<figure>\n\t\t\t\t\t\t\t\t<\/figure>\n\t\t\t\t\t\t\t\t<figure>\n\t\t\t\t\t\t\t\t<\/figure>\n\t\t\t\t\t\t\t\t<figure>\n\t\t\t\t\t\t\t\t<\/figure>\n\t\t\t\t\t\t\t\t<figure>\n\t\t\t\t\t\t\t\t<\/figure>\n\t\t\t\t\t\t\t\t<figure>\n\t\t\t\t\t\t\t\t<\/figure>\n\t\t\t\t\t\t\t\t<figure>\n\t\t\t\t\t\t\t\t<\/figure>\n\t\t\t\t\t<\/div>\n\t[\/vc_column][\/vc_row][vc_row el_class=&#8221;align-center&#8221; css=&#8221;.vc_custom_1552325574144{padding-top: 10vh !important;padding-bottom: 4vh !important;}&#8221;][vc_column offset=&#8221;vc_col-lg-5 vc_col-md-7&#8243; el_class=&#8221;text-center&#8221;][vc_column_text animation=&#8221;animation fade-in&#8221; el_class=&#8221;text-center&#8221;]\n<h2>Monaco Velo Club<\/h2>\n<p>Wir haben den Monaco Velo Club gegr\u00fcndet, um die Leidenschaft am sch\u00f6nsten Sport der Welt mit Gleichgesinnten teilen zu k\u00f6nnen. Entdecke unsere exklusiv bei bikedress erh\u00e4ltliche Kollektion. Komm vorbei im Club-Caf\u00e9 und werde Mitglied bei M\u00fcnchens Heimat f\u00fcr den Radsport.[\/vc_column_text][\/vc_column][\/vc_row][vc_row css=&#8221;.vc_custom_1547832147895{padding-top: 8vw !important;}&#8221;][vc_column width=&#8221;1\/2&#8243; css=&#8221;.vc_custom_1503596269374{padding-right: 10% !important;padding-left: 10% !important;}&#8221;][vc_empty_space height=&#8221;120px&#8221; css=&#8221;.vc_custom_1503595962351{padding-right: 10% !important;}&#8221;]<div class=\"caption-style2 animation left-to-right-long aligncenter  thb_image_link wp-caption\"><a  href=\"\/product-category\/jerseys\/short-sleeve\/\" target=\"_self\" title=\"\"><\/a><div class=\"thb-image-content\">\n<p style=\"text-align: center;\"><a href=\"https:\/\/www.monacoveloclub.de\/product-category\/jerseys\/\">SHOP\u00a0<\/a><a href=\"https:\/\/www.monacoveloclub.de\/product-category\/jerseys\/\">JERSEYS<\/a><\/p>\n<\/div><\/div>[\/vc_column][vc_column width=&#8221;1\/2&#8243; css=&#8221;.vc_custom_1503596144891{padding-right: 15% !important;}&#8221;]<div class=\"caption-style2 animation right-to-left-long aligncenter  thb_image_link wp-caption\"><a  href=\"https:\/\/www.monacoveloclub.de\/product-category\/bib-shorts\/\" target=\"_self\" title=\"\"><img loading=\"lazy\" decoding=\"async\" width=\"1024\" height=\"683\" src=\"https:\/\/www.monacoveloclub.de\/en\/wp-content\/uploads\/sites\/6\/2020\/08\/ST_jun20_MCV_Campaign_0063_web-1024x683-1.jpg\" class=\"thb_image  attachment-full\" alt=\"\" srcset=\"https:\/\/www.monacoveloclub.de\/en\/wp-content\/uploads\/sites\/6\/2020\/08\/ST_jun20_MCV_Campaign_0063_web-1024x683-1.jpg 1024w, https:\/\/www.monacoveloclub.de\/en\/wp-content\/uploads\/sites\/6\/2020\/08\/ST_jun20_MCV_Campaign_0063_web-1024x683-1-300x200.jpg 300w, https:\/\/www.monacoveloclub.de\/en\/wp-content\/uploads\/sites\/6\/2020\/08\/ST_jun20_MCV_Campaign_0063_web-1024x683-1-768x512.jpg 768w, https:\/\/www.monacoveloclub.de\/en\/wp-content\/uploads\/sites\/6\/2020\/08\/ST_jun20_MCV_Campaign_0063_web-1024x683-1-430x287.jpg 430w, https:\/\/www.monacoveloclub.de\/en\/wp-content\/uploads\/sites\/6\/2020\/08\/ST_jun20_MCV_Campaign_0063_web-1024x683-1-860x574.jpg 860w, https:\/\/www.monacoveloclub.de\/en\/wp-content\/uploads\/sites\/6\/2020\/08\/ST_jun20_MCV_Campaign_0063_web-1024x683-1-600x400.jpg 600w\" sizes=\"(max-width: 1024px) 100vw, 1024px\" \/><\/a><div class=\"thb-image-content\">\n<p style=\"text-align: center;\"><a href=\"https:\/\/www.monacoveloclub.de\/product-category\/bib-shorts\/\">SHOP BIB SHORTS<\/a><\/p>\n<\/div><\/div>[\/vc_column][\/vc_row][vc_row][vc_column][vc_empty_space][\/vc_column][\/vc_row][vc_row][vc_column width=&#8221;1\/2&#8243; css=&#8221;.vc_custom_1503596282806{padding-right: 15% !important;padding-left: 15% !important;}&#8221;][vc_empty_space height=&#8221;100px&#8221;]<div class=\"caption-style1 animation left-to-right-long aligncenter  thb_image_link wp-caption\"><a  href=\"https:\/\/www.monacoveloclub.de\/product-category\/accessoires\/\" target=\"_self\" title=\"\"><\/a><div class=\"thb-image-content\">\n<p style=\"text-align: center;\"><a href=\"https:\/\/www.monacoveloclub.de\/product-category\/accessoires\/\">SHOP ACCESSOIRES<\/a><\/p>\n<\/div><\/div>[\/vc_column][vc_column width=&#8221;1\/2&#8243; css=&#8221;.vc_custom_1503596151232{padding-right: 10% !important;}&#8221;]<div class=\"caption-style1 animation right-to-left-long aligncenter  thb_image_link wp-caption\"><a  href=\"https:\/\/www.monacoveloclub.de\/product-category\/shoes\/\" target=\"_self\" title=\"\"><\/a><div class=\"thb-image-content\">\n<p style=\"text-align: center;\"><a href=\"https:\/\/www.monacoveloclub.de\/product-category\/shoes\/\">SHOP SHOES<\/a><\/p>\n<\/div><\/div>[\/vc_column][\/vc_row][vc_row][vc_column][vc_empty_space][\/vc_column][\/vc_row][vc_row][vc_column width=&#8221;1\/2&#8243; css=&#8221;.vc_custom_1503596282806{padding-right: 15% !important;padding-left: 15% !important;}&#8221;][vc_empty_space height=&#8221;100px&#8221;]<div class=\"caption-style1 animation left-to-right-long aligncenter  thb_image_link wp-caption\"><a  href=\"https:\/\/www.monacoveloclub.de\/product-category\/casual\/\" target=\"_self\" title=\"\"><\/a><div class=\"thb-image-content\">\n<p style=\"text-align: center;\"><a href=\"https:\/\/www.monacoveloclub.de\/product-category\/casual\/\">SHOP CASUAL<\/a><\/p>\n<\/div><\/div>[\/vc_column][vc_column width=&#8221;1\/2&#8243; css=&#8221;.vc_custom_1503596151232{padding-right: 10% !important;}&#8221;]<div class=\"caption-style1 animation right-to-left-long aligncenter  thb_image_link wp-caption\"><a  href=\"https:\/\/www.monacoveloclub.de\/product-category\/bundles\/\" target=\"_self\" title=\"\"><\/a><div class=\"thb-image-content\">\n<p style=\"text-align: center;\"><a href=\"https:\/\/www.monacoveloclub.de\/product-category\/bundles\/\">SHOP SETS<\/a><\/p>\n<\/div><\/div>[\/vc_column][\/vc_row][vc_row][vc_column el_class=&#8221;text-center&#8221;][vc_empty_space height=&#8221;80px&#8221;]\t<a class=\"btn pill alt   animation fade-in medium \" href=\"http:\/\/www.monacoveloclub.de\/shop\/\" target=\"_self\" role=\"button\" title=\"Shop Full Collection\"><span>Shop Full Collection<\/span><\/a>\n\n\t[\/vc_column][\/vc_row][vc_row el_class=&#8221;align-center&#8221; css=&#8221;.vc_custom_1547832179272{padding-top: 8vw !important;}&#8221;][vc_column offset=&#8221;vc_col-lg-5 vc_col-md-7&#8243;][vc_column_text animation=&#8221;animation fade-in&#8221; el_class=&#8221;text-center&#8221;]\n<h2>New Arrivals<\/h2>\n<p>Entdecke die neuen Produkte unserer Kollektion.[\/vc_column_text][vc_empty_space height=&#8221;50px&#8221;][\/vc_column][\/vc_row][vc_row][vc_column][\/vc_column][\/vc_row][vc_row][vc_column el_class=&#8221;text-center&#8221;][vc_empty_space height=&#8221;30px&#8221;]\t<a class=\"btn pill alt   animation fade-in medium \" href=\"http:\/\/www.monacoveloclub.de\/shop\/\" target=\"_self\" role=\"button\" title=\"View All Products\"><span>View All Products<\/span><\/a>\n\n\t[vc_empty_space height=&#8221;30px&#8221;][\/vc_column][\/vc_row][vc_row el_class=&#8221;align-center&#8221; css=&#8221;.vc_custom_1503514522152{padding-top: 10vh !important;padding-bottom: 10vh !important;}&#8221;][vc_column offset=&#8221;vc_col-lg-5 vc_col-md-7&#8243; el_class=&#8221;text-center&#8221;][vc_column_text animation=&#8221;animation fade-in&#8221; el_class=&#8221;text-center&#8221;]\n<h2>Besuche uns in M\u00fcnchen<\/h2>\n<p>Das Club-Caf\u00e9 im bikedress-Store an der Isar ist unser Treffpunkt f\u00fcr alle Radsportbegeisterten. Die Leidenschaft f\u00fcr Qualit\u00e4t und unbedingte Authentizit\u00e4t unseres Clubs spiegeln sich hier auch im italienischen Bardesign wider.[\/vc_column_text][\/vc_column][\/vc_row][vc_row thb_full_width=&#8221;true&#8221; thb_row_padding=&#8221;true&#8221;][vc_column width=&#8221;1\/2&#8243; css=&#8221;.vc_custom_1553606453630{background-image: url(https:\/\/www.monacoveloclub.de\/wp-content\/uploads\/2019\/03\/Image-5.jpg?id=433) !important;background-position: center !important;background-repeat: no-repeat !important;background-size: cover !important;}&#8221; offset=&#8221;vc_col-lg-offset-0 vc_col-lg-6 vc_col-md-offset-0 vc_col-md-12 vc_col-sm-offset-0 vc_col-xs-12&#8243;][vc_empty_space height=&#8221;500px&#8221;][\/vc_column][vc_column width=&#8221;1\/2&#8243; offset=&#8221;vc_col-lg-offset-0 vc_col-lg-6 vc_col-md-offset-0 vc_col-md-12 vc_col-sm-offset-0 vc_col-xs-12&#8243;][vc_gmaps link=&#8221;#E-8_JTNDaWZyYW1lJTIwc3JjJTNEJTIyaHR0cHMlM0ElMkYlMkZ3d3cuZ29vZ2xlLmNvbSUyRm1hcHMlMkZlbWJlZCUzRnBiJTNEJTIxMW0xNCUyMTFtOCUyMTFtMyUyMTFkMTA2NTIuNzE2NjI1ODM2NTQ5JTIxMmQxMS41Nzg5NTgyJTIxM2Q0OC4xMjYwNjgzJTIxM20yJTIxMWkxMDI0JTIxMmk3NjglMjE0ZjEzLjElMjEzbTMlMjExbTIlMjExczB4MCUyNTNBMHgyYWE3YjRhN2Q1MTk4NjMwJTIxMnNCaWtlZHJlc3MlMkJTdG9yZSUyQk0lMjVDMyUyNUJDbmNoZW4lMjE1ZTAlMjEzbTIlMjExc2RlJTIxMnNkZSUyMTR2MTU0NzgzMzM3MTc1NiUyMiUyMHdpZHRoJTNEJTIyNjAwJTIyJTIwaGVpZ2h0JTNEJTIyNDUwJTIyJTIwZnJhbWVib3JkZXIlM0QlMjIwJTIyJTIwc3R5bGUlM0QlMjJib3JkZXIlM0EwJTIyJTIwYWxsb3dmdWxsc2NyZWVuJTIwYm9yZGVyJTNEJTIyMCUyMiUzRSUzQyUyRmlmcmFtZSUzRQ==&#8221; size=&#8221;500&#8243;][\/vc_column][\/vc_row]\n","protected":false},"excerpt":{"rendered":"<p>[vc_row thb_full_width=&#8221;true&#8221; thb_row_padding=&#8221;true&#8221;][vc_column][\/vc_column][\/vc_row][vc_row el_class=&#8221;align-center&#8221; css=&#8221;.vc_custom_1552325574144{padding-top: 10vh !important;padding-bottom: 4vh !important;}&#8221;][vc_column offset=&#8221;vc_col-lg-5 vc_col-md-7&#8243; el_class=&#8221;text-center&#8221;][vc_column_text animation=&#8221;animation fade-in&#8221; el_class=&#8221;text-center&#8221;] Monaco Velo Club Wir haben den Monaco Velo Club gegr\u00fcndet,&hellip;<\/p>\n","protected":false},"author":1,"featured_media":0,"parent":0,"menu_order":0,"comment_status":"closed","ping_status":"closed","template":"","meta":{"footnotes":""},"class_list":["post-457","page","type-page","status-publish","hentry"],"_links":{"self":[{"href":"https:\/\/www.monacoveloclub.de\/en\/wp-json\/wp\/v2\/pages\/457"}],"collection":[{"href":"https:\/\/www.monacoveloclub.de\/en\/wp-json\/wp\/v2\/pages"}],"about":[{"href":"https:\/\/www.monacoveloclub.de\/en\/wp-json\/wp\/v2\/types\/page"}],"author":[{"embeddable":true,"href":"https:\/\/www.monacoveloclub.de\/en\/wp-json\/wp\/v2\/users\/1"}],"replies":[{"embeddable":true,"href":"https:\/\/www.monacoveloclub.de\/en\/wp-json\/wp\/v2\/comments?post=457"}],"version-history":[{"count":1,"href":"https:\/\/www.monacoveloclub.de\/en\/wp-json\/wp\/v2\/pages\/457\/revisions"}],"predecessor-version":[{"id":524,"href":"https:\/\/www.monacoveloclub.de\/en\/wp-json\/wp\/v2\/pages\/457\/revisions\/524"}],"wp:attachment":[{"href":"https:\/\/www.monacoveloclub.de\/en\/wp-json\/wp\/v2\/media?parent=457"}],"curies":[{"name":"wp","href":"https:\/\/api.w.org\/{rel}","templated":true}]}}