{"id":6,"date":"2020-07-28T13:05:20","date_gmt":"2020-07-28T11:05:20","guid":{"rendered":"http:\/\/www.monacoveloclub.de\/en\/about\/"},"modified":"2020-07-28T13:35:55","modified_gmt":"2020-07-28T11:35:55","slug":"about","status":"publish","type":"page","link":"https:\/\/www.monacoveloclub.de\/en\/about\/","title":{"rendered":"About"},"content":{"rendered":"[vc_row thb_full_width=&#8221;true&#8221; content_placement=&#8221;middle&#8221;][vc_column width=&#8221;7\/12&#8243;]<div class=\"caption-style1 animation left-to-right alignleft  thb_image_link wp-caption\"><img loading=\"lazy\" decoding=\"async\" width=\"2000\" height=\"1125\" src=\"https:\/\/www.monacoveloclub.de\/en\/wp-content\/uploads\/sites\/6\/2020\/07\/ST_mai19-Bikedress-1399.jpg\" class=\"thb_image  attachment-full\" alt=\"\" srcset=\"https:\/\/www.monacoveloclub.de\/en\/wp-content\/uploads\/sites\/6\/2020\/07\/ST_mai19-Bikedress-1399.jpg 2000w, https:\/\/www.monacoveloclub.de\/en\/wp-content\/uploads\/sites\/6\/2020\/07\/ST_mai19-Bikedress-1399-300x169.jpg 300w, https:\/\/www.monacoveloclub.de\/en\/wp-content\/uploads\/sites\/6\/2020\/07\/ST_mai19-Bikedress-1399-1024x576.jpg 1024w, https:\/\/www.monacoveloclub.de\/en\/wp-content\/uploads\/sites\/6\/2020\/07\/ST_mai19-Bikedress-1399-768x432.jpg 768w, https:\/\/www.monacoveloclub.de\/en\/wp-content\/uploads\/sites\/6\/2020\/07\/ST_mai19-Bikedress-1399-1536x864.jpg 1536w, https:\/\/www.monacoveloclub.de\/en\/wp-content\/uploads\/sites\/6\/2020\/07\/ST_mai19-Bikedress-1399-430x242.jpg 430w, https:\/\/www.monacoveloclub.de\/en\/wp-content\/uploads\/sites\/6\/2020\/07\/ST_mai19-Bikedress-1399-860x484.jpg 860w, https:\/\/www.monacoveloclub.de\/en\/wp-content\/uploads\/sites\/6\/2020\/07\/ST_mai19-Bikedress-1399-600x338.jpg 600w\" sizes=\"(max-width: 2000px) 100vw, 2000px\" \/><\/div>[\/vc_column][vc_column width=&#8221;5\/12&#8243; css=&#8221;.vc_custom_1584971559189{padding-top: 10% !important;padding-right: 15% !important;padding-bottom: 10% !important;padding-left: 5% !important;}&#8221;][vc_column_text animation=&#8221;animation fade-in&#8221;]\n<h2>ABOUT US<\/h2>\n[\/vc_column_text][vc_empty_space height=&#8221;45px&#8221;][vc_column_text animation=&#8221;animation fade-in&#8221;]\n<p style=\"font-size: 20px;\">We are passionate about cycling; to us it\u2019s the best sport in the world. Are you longing to get back in the saddle, feel the wind on your face, and sail elegantly through fabulous landscapes? Then join Monaco Velo Club!<\/p>\n[\/vc_column_text][vc_empty_space height=&#8221;45px&#8221;][\/vc_column][\/vc_row][vc_row thb_full_width=&#8221;true&#8221; content_placement=&#8221;middle&#8221;][vc_column width=&#8221;2\/3&#8243; css=&#8221;.vc_custom_1585760579602{padding-top: 10% !important;padding-right: 5% !important;padding-bottom: 10% !important;padding-left: 15% !important;}&#8221; el_class=&#8221;about_us_text_2&#8243;][vc_empty_space height=&#8221;45px&#8221;][vc_column_text animation=&#8221;animation fade-in&#8221; el_class=&#8221;small-text&#8221;]\n<h2 style=\"text-align: left;\">THE ROAD BECKONS. YOUR PULSE ACCELERATES.<\/h2>\n[\/vc_column_text][vc_empty_space height=&#8221;45px&#8221;][vc_column_text animation=&#8221;animation fade-in&#8221;]We cherish speed and spirit and dedicate all our energy to cycling. We develop and manufacture bike apparel to the highest technical standards and with sophisticated designs. All our cycling clothing is designed in Bavaria and made in Italy \u2013 and we are proud of that! We founded Monaco Velo Club out of love for our cycling home, Italy, and we enjoy sharing our passion with like-minded cyclists. Our Caf\u00e9 in Munich at Ohlm\u00fcllerstra\u00dfe 7 is a great place to gather information and to meet with other cycling enthusiasts. There you will find the best equipment for your next ride on your bike and the best cup of Italian coffee north of the Alps. Our founders \u2013 Stefan, Alex, Philipp and Heiko \u2013 look forward to seeing you.[\/vc_column_text][\/vc_column][vc_column width=&#8221;1\/3&#8243;][\/vc_column][\/vc_row]\n","protected":false},"excerpt":{"rendered":"<p>[vc_row thb_full_width=&#8221;true&#8221; content_placement=&#8221;middle&#8221;][vc_column width=&#8221;7\/12&#8243;][\/vc_column][vc_column width=&#8221;5\/12&#8243; css=&#8221;.vc_custom_1584971559189{padding-top: 10% !important;padding-right: 15% !important;padding-bottom: 10% !important;padding-left: 5% !important;}&#8221;][vc_column_text animation=&#8221;animation fade-in&#8221;] ABOUT US [\/vc_column_text][vc_empty_space height=&#8221;45px&#8221;][vc_column_text animation=&#8221;animation fade-in&#8221;] We are passionate&hellip;<\/p>\n","protected":false},"author":7,"featured_media":0,"parent":0,"menu_order":0,"comment_status":"closed","ping_status":"closed","template":"","meta":{"footnotes":""},"class_list":["post-6","page","type-page","status-publish","hentry"],"_links":{"self":[{"href":"https:\/\/www.monacoveloclub.de\/en\/wp-json\/wp\/v2\/pages\/6"}],"collection":[{"href":"https:\/\/www.monacoveloclub.de\/en\/wp-json\/wp\/v2\/pages"}],"about":[{"href":"https:\/\/www.monacoveloclub.de\/en\/wp-json\/wp\/v2\/types\/page"}],"author":[{"embeddable":true,"href":"https:\/\/www.monacoveloclub.de\/en\/wp-json\/wp\/v2\/users\/7"}],"replies":[{"embeddable":true,"href":"https:\/\/www.monacoveloclub.de\/en\/wp-json\/wp\/v2\/comments?post=6"}],"version-history":[{"count":3,"href":"https:\/\/www.monacoveloclub.de\/en\/wp-json\/wp\/v2\/pages\/6\/revisions"}],"predecessor-version":[{"id":18,"href":"https:\/\/www.monacoveloclub.de\/en\/wp-json\/wp\/v2\/pages\/6\/revisions\/18"}],"wp:attachment":[{"href":"https:\/\/www.monacoveloclub.de\/en\/wp-json\/wp\/v2\/media?parent=6"}],"curies":[{"name":"wp","href":"https:\/\/api.w.org\/{rel}","templated":true}]}}